{"id":2071,"date":"2023-06-07T17:21:24","date_gmt":"2023-06-07T15:21:24","guid":{"rendered":"http:\/\/collegealainfournierbordeaux.fr\/?page_id=2071"},"modified":"2025-06-30T11:34:34","modified_gmt":"2025-06-30T09:34:34","slug":"infos-rentree-2023","status":"publish","type":"page","link":"http:\/\/collegealainfournierbordeaux.fr\/?page_id=2071","title":{"rendered":"Infos rentr\u00e9e 2025"},"content":{"rendered":"<p>Retrouvez ci-dessous les informations concernant la rentr\u00e9e 2025. Vous trouverez \u00e9galement le nouveau r\u00e8glement int\u00e9rieur, vot\u00e9 au Conseil d&rsquo;Administration du jeudi 26 juin 2025, le protocole de prise en charge d&rsquo;une situation de harc\u00e8lement, la charte informatique et la liste des fournitures scolaires.<\/p>\n<div><iframe loading=\"lazy\" class=\"embed-pdf-viewer\" src=\"http:\/\/saqsyxv.cluster030.hosting.ovh.net\/wp-content\/uploads\/2025\/06\/Rentree-25.1.pdf\" height=\"1000\" width=\"100%\" title=\"Rentr\u00e9e 25.1\"><\/iframe><\/p>\n<p><a href=\"http:\/\/saqsyxv.cluster030.hosting.ovh.net\/wp-content\/uploads\/2025\/06\/Rentree-25.1.pdf\" title=\"Rentr\u00e9e 25.1\">Rentr\u00e9e 25.1<\/a><\/p>\n<\/div>\n<div><iframe loading=\"lazy\" class=\"embed-pdf-viewer\" src=\"http:\/\/saqsyxv.cluster030.hosting.ovh.net\/wp-content\/uploads\/2025\/06\/Rentree-25.2.pdf\" height=\"1000\" width=\"100%\" title=\"Rentr\u00e9e 25.2\"><\/iframe><\/p>\n<p><a href=\"http:\/\/saqsyxv.cluster030.hosting.ovh.net\/wp-content\/uploads\/2025\/06\/Rentree-25.2.pdf\" title=\"Rentr\u00e9e 25.2\">Rentr\u00e9e 25.2<\/a><\/p>\n<\/div>\n<div><iframe loading=\"lazy\" class=\"embed-pdf-viewer\" src=\"http:\/\/saqsyxv.cluster030.hosting.ovh.net\/wp-content\/uploads\/2025\/06\/Liste-fournitures-25.pdf\" height=\"1000\" width=\"100%\" title=\"Liste Fournitures 25\"><\/iframe><\/p>\n<p><a href=\"http:\/\/saqsyxv.cluster030.hosting.ovh.net\/wp-content\/uploads\/2025\/06\/Liste-fournitures-25.pdf\" title=\"Liste Fournitures 25\">Liste Fournitures 25<\/a><\/p>\n<\/div>\n","protected":false},"excerpt":{"rendered":"<p>Retrouvez ci-dessous les informations concernant la rentr\u00e9e 2025. Vous trouverez \u00e9galement le nouveau r\u00e8glement int\u00e9rieur, vot\u00e9 au Conseil d&rsquo;Administration du jeudi 26 juin 2025, le protocole de prise en charge d&rsquo;une situation de harc\u00e8lement, la charte informatique et la liste&#8230; <a class=\"more-link\" href=\"http:\/\/collegealainfournierbordeaux.fr\/?page_id=2071\">Continue Reading &rarr;<\/a><\/p>\n","protected":false},"author":1,"featured_media":0,"parent":0,"menu_order":0,"comment_status":"closed","ping_status":"closed","template":"","meta":{"footnotes":""},"class_list":["post-2071","page","type-page","status-publish","hentry"],"_links":{"self":[{"href":"http:\/\/collegealainfournierbordeaux.fr\/index.php?rest_route=\/wp\/v2\/pages\/2071","targetHints":{"allow":["GET"]}}],"collection":[{"href":"http:\/\/collegealainfournierbordeaux.fr\/index.php?rest_route=\/wp\/v2\/pages"}],"about":[{"href":"http:\/\/collegealainfournierbordeaux.fr\/index.php?rest_route=\/wp\/v2\/types\/page"}],"author":[{"embeddable":true,"href":"http:\/\/collegealainfournierbordeaux.fr\/index.php?rest_route=\/wp\/v2\/users\/1"}],"replies":[{"embeddable":true,"href":"http:\/\/collegealainfournierbordeaux.fr\/index.php?rest_route=%2Fwp%2Fv2%2Fcomments&post=2071"}],"version-history":[{"count":31,"href":"http:\/\/collegealainfournierbordeaux.fr\/index.php?rest_route=\/wp\/v2\/pages\/2071\/revisions"}],"predecessor-version":[{"id":5131,"href":"http:\/\/collegealainfournierbordeaux.fr\/index.php?rest_route=\/wp\/v2\/pages\/2071\/revisions\/5131"}],"wp:attachment":[{"href":"http:\/\/collegealainfournierbordeaux.fr\/index.php?rest_route=%2Fwp%2Fv2%2Fmedia&parent=2071"}],"curies":[{"name":"wp","href":"https:\/\/api.w.org\/{rel}","templated":true}]}}