{"id":239,"date":"2022-07-01T16:49:30","date_gmt":"2022-07-01T14:49:30","guid":{"rendered":"http:\/\/saqsyxv.cluster030.hosting.ovh.net\/?page_id=239"},"modified":"2022-10-21T11:03:57","modified_gmt":"2022-10-21T09:03:57","slug":"le-brevet","status":"publish","type":"page","link":"http:\/\/collegealainfournierbordeaux.fr\/?page_id=239","title":{"rendered":"Brevet"},"content":{"rendered":"\r\n<p class=\"has-text-align-center\"><strong>Le Dipl\u00f4me National du Brevet (DNB<\/strong>)<\/p>\r\n<p style=\"text-align: left;\">Les \u00e9l\u00e8ves ayant pass\u00e9 leur brevet en 2022 et avant peuvent se pr\u00e9senter au coll\u00e8ge entre 9h et 12h chaque jour ouvr\u00e9 ou entre 14h et 17h les lundis, mardis, jeudis et vendredis pour r\u00e9cup\u00e9rer leur dipl\u00f4me.<\/p>\r\n\r\n\r\n<div class=\"wp-block-image\">\r\n<figure class=\"aligncenter size-full is-resized\"><a href=\"https:\/\/www.education.gouv.fr\/bo\/16\/Hebdo14\/MENE1609352N.htm\" target=\"_blank\" rel=\"noopener\"><img loading=\"lazy\" decoding=\"async\" class=\"wp-image-240\" src=\"http:\/\/saqsyxv.cluster030.hosting.ovh.net\/wp-content\/uploads\/2022\/07\/image-12.png\" alt=\"\" width=\"553\" height=\"287\" srcset=\"http:\/\/saqsyxv.cluster030.hosting.ovh.net\/wp-content\/uploads\/2022\/07\/image-12.png 495w, http:\/\/saqsyxv.cluster030.hosting.ovh.net\/wp-content\/uploads\/2022\/07\/image-12-300x156.png 300w\" sizes=\"auto, (max-width: 553px) 100vw, 553px\" \/><\/a>\r\n<figcaption><em><strong>Modalit\u00e9s d&rsquo;attribution d\u00e9finies par la note de service n\u00b0 n\u00b0 2016-063 du 6 avril 2016<\/strong><\/em><\/figcaption>\r\n<\/figure>\r\n<\/div>\r\n\r\n\r\n<p class=\"has-text-align-center\">L&rsquo;obtention du dipl\u00f4me national du brevet (DNB) repose sur le contr\u00f4le continu et trois \u00e9preuves obligatoires pass\u00e9es en fin du cycle 4 (classe de troisi\u00e8me)\u00a0:<\/p>\r\n\r\n\r\n\r\n<ul class=\"wp-block-list\">\r\n<li><strong>une \u00e9preuve orale<\/strong> pendant laquelle l&rsquo;\u00e9l\u00e8ve pr\u00e9sente <strong>un projet travaill\u00e9 dans le cadre d&rsquo;un enseignement pratique interdisciplinaire (EPI)<\/strong> <strong>ou d&rsquo;un des parcours \u00e9ducatifs<\/strong>, permettant notamment d&rsquo;\u00e9valuer la qualit\u00e9 de l&rsquo;expression orale\u00a0 : 100 points<\/li>\r\n<li>Quatre \u00e9preuves \u00e9crites<\/li>\r\n<\/ul>\r\n\r\n\r\n\r\n<p>Les \u00e9preuves \u00e9crites portent sur\u00a0:<\/p>\r\n\r\n\r\n\r\n<ul class=\"wp-block-list\">\r\n<li>le<strong> fran\u00e7ais<\/strong> (3h)\u00a0: \u00e0 partir d&rsquo;un extrait de texte litt\u00e9raire et \u00e9ventuellement d&rsquo;une image, \u00e9valuation des comp\u00e9tences linguistiques (grammaire &#8211; dont r\u00e9\u00e9criture-, lexique&#8230;) et des comp\u00e9tences de compr\u00e9hension et d&rsquo;interpr\u00e9tation + dict\u00e9e + r\u00e9daction<\/li>\r\n<li>les<strong> math\u00e9matiques<\/strong> (2h)\u00a0: exercices, dont certains assortis de tableaux ou de sch\u00e9mas, et dont un exercice d&rsquo;informatique<\/li>\r\n<li>l&rsquo;<strong>histoire et g\u00e9ographie<\/strong> (2h)\u00a0: analyse et compr\u00e9hension de documents + utilisation des rep\u00e8res historiques et g\u00e9ographiques + mobilisation des comp\u00e9tences de l&rsquo;enseignement moral et civique<\/li>\r\n<li>les<strong> sciences<\/strong> (1h) (2 disciplines sur les 3)\u00a0: physique-chimie, sciences de la vie et de la Terre, technologie<\/li>\r\n<\/ul>\r\n\r\n\r\n\r\n<p>La r\u00e9ussite du coll\u00e9gien au DNB atteste de sa ma\u00eetrise du <strong>socle commun de connaissances, de comp\u00e9tences et de culture<\/strong>.<\/p>\r\n\r\n\r\n\r\n<p><strong>L&rsquo;\u00e9valuation du socle commun repr\u00e9sente 400 points.<\/strong><\/p>\r\n\r\n\r\n\r\n<p>La ma\u00eetrise de chacune des huit composantes du socle commun est appr\u00e9ci\u00e9e lors du conseil de classe du 3e trimestre de la classe de 3e\u00a0:<\/p>\r\n\r\n\r\n\r\n<ul class=\"wp-block-list\">\r\n<li>Ma\u00eetrise insuffisante (10 points)<\/li>\r\n<li>Ma\u00eetrise fragile (25 points)<\/li>\r\n<li>Ma\u00eetrise satisfaisante (40 points)<\/li>\r\n<li>Tr\u00e8s bonne ma\u00eetrise (50 points)<\/li>\r\n<\/ul>\r\n\r\n\r\n\r\n<p><strong>Les \u00e9preuves de l&rsquo;examen repr\u00e9sentent 400 points.<\/strong><\/p>\r\n\r\n\r\n\r\n<ul class=\"wp-block-list\">\r\n<li>Les math\u00e9matiques sur 100 points<\/li>\r\n<li>Le fran\u00e7ais sur 100 points<\/li>\r\n<li>L\u2019histoire-g\u00e9ographie et l\u2019enseignement moral et civique sur 50 points<\/li>\r\n<li>Les SVT, la physique-chimie et la technologie sur 50 points<\/li>\r\n<li>L\u2019\u00e9preuve orale est \u00e9valu\u00e9e sur 100 points<\/li>\r\n<\/ul>\r\n\r\n\r\n\r\n<p>Des points suppl\u00e9mentaires sont accord\u00e9s aux candidats ayant suivi un enseignement de compl\u00e9ment selon le niveau qu&rsquo;ils ont acquis \u00e0 la fin du cycle 4 au regard des objectifs d&rsquo;apprentissage de cet enseignement\u00a0:<\/p>\r\n\r\n\r\n\r\n<ul class=\"wp-block-list\">\r\n<li>10 points si les objectifs d&rsquo;apprentissage du cycle sont atteints<\/li>\r\n<li>20 points si les objectifs d&rsquo;apprentissage du cycle sont d\u00e9pass\u00e9s<\/li>\r\n<\/ul>\r\n\r\n\r\n\r\n<p><strong>L\u2019\u00e9l\u00e8ve est re\u00e7u s\u2019il cumule 400 points sur les 800.<\/strong><\/p>\r\n\r\n\r\n\r\n<p>Il obtient la mention\u00a0:<\/p>\r\n\r\n\r\n\r\n<ul class=\"wp-block-list\">\r\n<li>Assez Bien s\u2019il cumule plus de 480 points<\/li>\r\n<li>Bien s\u2019il cumule plus de 560 points<\/li>\r\n<li>Tr\u00e8s Bien s\u2019il cumule plus de 640 points<\/li>\r\n<\/ul>\r\n\r\n\r\n\r\n<p>L&rsquo;obtention du brevet donne-t-il acc\u00e8s \u00e0 la classe sup\u00e9rieure ?<\/p>\r\n\r\n\r\n\r\n<p>Non, le brevet ne donne pas forc\u00e9ment acc\u00e8s \u00e0 une classe sup\u00e9rieure en fin de troisi\u00e8me. L\u2019attribution du dipl\u00f4me et la d\u00e9cision d\u2019orientation sont deux choses ind\u00e9pendantes.<\/p>\r\n","protected":false},"excerpt":{"rendered":"<p>Le Dipl\u00f4me National du Brevet (DNB) Les \u00e9l\u00e8ves ayant pass\u00e9 leur brevet en 2022 et avant peuvent se pr\u00e9senter au coll\u00e8ge entre 9h et 12h chaque jour ouvr\u00e9 ou entre 14h et 17h les lundis, mardis, jeudis et vendredis pour&#8230; <a class=\"more-link\" href=\"http:\/\/collegealainfournierbordeaux.fr\/?page_id=239\">Continue Reading &rarr;<\/a><\/p>\n","protected":false},"author":1,"featured_media":0,"parent":0,"menu_order":0,"comment_status":"closed","ping_status":"closed","template":"","meta":{"footnotes":""},"class_list":["post-239","page","type-page","status-publish","hentry"],"_links":{"self":[{"href":"http:\/\/collegealainfournierbordeaux.fr\/index.php?rest_route=\/wp\/v2\/pages\/239","targetHints":{"allow":["GET"]}}],"collection":[{"href":"http:\/\/collegealainfournierbordeaux.fr\/index.php?rest_route=\/wp\/v2\/pages"}],"about":[{"href":"http:\/\/collegealainfournierbordeaux.fr\/index.php?rest_route=\/wp\/v2\/types\/page"}],"author":[{"embeddable":true,"href":"http:\/\/collegealainfournierbordeaux.fr\/index.php?rest_route=\/wp\/v2\/users\/1"}],"replies":[{"embeddable":true,"href":"http:\/\/collegealainfournierbordeaux.fr\/index.php?rest_route=%2Fwp%2Fv2%2Fcomments&post=239"}],"version-history":[{"count":10,"href":"http:\/\/collegealainfournierbordeaux.fr\/index.php?rest_route=\/wp\/v2\/pages\/239\/revisions"}],"predecessor-version":[{"id":925,"href":"http:\/\/collegealainfournierbordeaux.fr\/index.php?rest_route=\/wp\/v2\/pages\/239\/revisions\/925"}],"wp:attachment":[{"href":"http:\/\/collegealainfournierbordeaux.fr\/index.php?rest_route=%2Fwp%2Fv2%2Fmedia&parent=239"}],"curies":[{"name":"wp","href":"https:\/\/api.w.org\/{rel}","templated":true}]}}