{"id":243,"date":"2022-07-01T16:53:45","date_gmt":"2022-07-01T14:53:45","guid":{"rendered":"http:\/\/saqsyxv.cluster030.hosting.ovh.net\/?page_id=243"},"modified":"2025-07-01T11:01:59","modified_gmt":"2025-07-01T09:01:59","slug":"entree-en-6eme","status":"publish","type":"page","link":"http:\/\/collegealainfournierbordeaux.fr\/?page_id=243","title":{"rendered":"Entr\u00e9e en 6\u00e8me"},"content":{"rendered":"<p>Consultez et t\u00e9l\u00e9chargez le document ci-dessous contenant les informations concernant l&rsquo;arriv\u00e9e en 6\u00e8me pour la rentr\u00e9e 2025.<\/p>\n<div><iframe loading=\"lazy\" class=\"embed-pdf-viewer\" src=\"http:\/\/saqsyxv.cluster030.hosting.ovh.net\/wp-content\/uploads\/2025\/07\/Rentree-6eme-25.pdf\" height=\"1000\" width=\"100%\" title=\"Rentree 6eme 25\"><\/iframe><\/p>\n<p><a href=\"http:\/\/saqsyxv.cluster030.hosting.ovh.net\/wp-content\/uploads\/2025\/07\/Rentree-6eme-25.pdf\" title=\"Rentree 6eme 25\">Rentree 6eme 25<\/a><\/p>\n<\/div>\n","protected":false},"excerpt":{"rendered":"<p>Consultez et t\u00e9l\u00e9chargez le document ci-dessous contenant les informations concernant l&rsquo;arriv\u00e9e en 6\u00e8me pour la rentr\u00e9e 2025. Rentree 6eme 25<\/p>\n","protected":false},"author":1,"featured_media":0,"parent":0,"menu_order":0,"comment_status":"closed","ping_status":"closed","template":"","meta":{"footnotes":""},"class_list":["post-243","page","type-page","status-publish","hentry"],"_links":{"self":[{"href":"http:\/\/collegealainfournierbordeaux.fr\/index.php?rest_route=\/wp\/v2\/pages\/243","targetHints":{"allow":["GET"]}}],"collection":[{"href":"http:\/\/collegealainfournierbordeaux.fr\/index.php?rest_route=\/wp\/v2\/pages"}],"about":[{"href":"http:\/\/collegealainfournierbordeaux.fr\/index.php?rest_route=\/wp\/v2\/types\/page"}],"author":[{"embeddable":true,"href":"http:\/\/collegealainfournierbordeaux.fr\/index.php?rest_route=\/wp\/v2\/users\/1"}],"replies":[{"embeddable":true,"href":"http:\/\/collegealainfournierbordeaux.fr\/index.php?rest_route=%2Fwp%2Fv2%2Fcomments&post=243"}],"version-history":[{"count":11,"href":"http:\/\/collegealainfournierbordeaux.fr\/index.php?rest_route=\/wp\/v2\/pages\/243\/revisions"}],"predecessor-version":[{"id":5135,"href":"http:\/\/collegealainfournierbordeaux.fr\/index.php?rest_route=\/wp\/v2\/pages\/243\/revisions\/5135"}],"wp:attachment":[{"href":"http:\/\/collegealainfournierbordeaux.fr\/index.php?rest_route=%2Fwp%2Fv2%2Fmedia&parent=243"}],"curies":[{"name":"wp","href":"https:\/\/api.w.org\/{rel}","templated":true}]}}