{"id":260,"date":"2022-07-04T09:26:32","date_gmt":"2022-07-04T07:26:32","guid":{"rendered":"http:\/\/saqsyxv.cluster030.hosting.ovh.net\/?page_id=260"},"modified":"2024-09-06T18:08:35","modified_gmt":"2024-09-06T16:08:35","slug":"lassociation-sportive","status":"publish","type":"page","link":"http:\/\/collegealainfournierbordeaux.fr\/?page_id=260","title":{"rendered":"Association sportive"},"content":{"rendered":"<div class=\"wp-block-image\">\r\n<figure class=\"aligncenter size-full is-resized\"><a href=\"https:\/\/www.unss.org\/\" target=\"_blank\" rel=\"noopener\"><img loading=\"lazy\" decoding=\"async\" class=\"wp-image-262\" src=\"http:\/\/saqsyxv.cluster030.hosting.ovh.net\/wp-content\/uploads\/2022\/07\/image-16.png\" alt=\"\" width=\"455\" height=\"257\" \/><\/a><\/figure>\r\n<p>&nbsp;<\/p>\r\n<\/div>\r\n\r\n\r\n<p>L\u2019AS du coll\u00e8ge propose aux \u00e9l\u00e8ves de pratiquer les disciplines suivantes les mercredis apr\u00e8s-midi :<\/p>\r\n<p>Badminton, Rugby \u00e0 7, Volley, Natation-Water-polo et Cross-Country.<\/p>\r\n<p>Les inscriptions \u00e0 l\u2019Association Sportive du coll\u00e8ge auront lieu le mercredi 11 septembre 2024 de 12h \u00e0 13h au coll\u00e8ge. Les entra\u00eenement d\u00e9buteront le mercredi 18 septembre.<\/p>\r\n<p>Retrouvez toutes les informations, ainsi que les documents n\u00e9cessaires \u00e0 l\u2019inscription des \u00e9l\u00e8ves, dans les deux documents qui suivent.<\/p>\r\n<p style=\"text-align: left;\"><strong>Lien vers un exemple d&rsquo;activit\u00e9 men\u00e9e par l&rsquo;AS, le Raid nature des coll\u00e9giens 2024 <\/strong><strong>\u00e0 Hostens :<br \/><\/strong><\/p>\r\n<p><a href=\"http:\/\/collegealainfournierbordeaux.fr\/?p=3387\" target=\"_blank\" rel=\"noopener\">http:\/\/collegealainfournierbordeaux.fr\/?p=3387<\/a><\/p>\r\n<p><div><iframe loading=\"lazy\" class=\"embed-pdf-viewer\" src=\"http:\/\/saqsyxv.cluster030.hosting.ovh.net\/wp-content\/uploads\/2024\/09\/Inscriptions-AS-24-25.pdf\" height=\"1000\" width=\"100%\" title=\"Inscriptions AS 24 25\"><\/iframe>\n<p><a href=\"http:\/\/saqsyxv.cluster030.hosting.ovh.net\/wp-content\/uploads\/2024\/09\/Inscriptions-AS-24-25.pdf\" title=\"Inscriptions AS 24 25\">Inscriptions AS 24 25<\/a><\/p><\/div><\/p>\r\n<p><div><iframe loading=\"lazy\" class=\"embed-pdf-viewer\" src=\"http:\/\/saqsyxv.cluster030.hosting.ovh.net\/wp-content\/uploads\/2024\/09\/Autorisation-parentale-AS.pdf\" height=\"1000\" width=\"100%\" title=\"Autorisation Parentale AS\"><\/iframe>\n<p><a href=\"http:\/\/saqsyxv.cluster030.hosting.ovh.net\/wp-content\/uploads\/2024\/09\/Autorisation-parentale-AS.pdf\" title=\"Autorisation Parentale AS\">Autorisation Parentale AS<\/a><\/p><\/div><\/p>\r\n\r\n\r\n","protected":false},"excerpt":{"rendered":"<p>L\u2019AS du coll\u00e8ge propose aux \u00e9l\u00e8ves de pratiquer les disciplines suivantes les mercredis apr\u00e8s-midi : Badminton, Rugby \u00e0 7, Volley, Natation-Water-polo et Cross-Country. Les inscriptions \u00e0 l\u2019Association Sportive du coll\u00e8ge auront lieu le mercredi 11 septembre 2024 de 12h \u00e0&#8230; <a class=\"more-link\" href=\"http:\/\/collegealainfournierbordeaux.fr\/?page_id=260\">Continue Reading &rarr;<\/a><\/p>\n","protected":false},"author":1,"featured_media":0,"parent":0,"menu_order":0,"comment_status":"closed","ping_status":"closed","template":"","meta":{"footnotes":""},"class_list":["post-260","page","type-page","status-publish","hentry"],"_links":{"self":[{"href":"http:\/\/collegealainfournierbordeaux.fr\/index.php?rest_route=\/wp\/v2\/pages\/260","targetHints":{"allow":["GET"]}}],"collection":[{"href":"http:\/\/collegealainfournierbordeaux.fr\/index.php?rest_route=\/wp\/v2\/pages"}],"about":[{"href":"http:\/\/collegealainfournierbordeaux.fr\/index.php?rest_route=\/wp\/v2\/types\/page"}],"author":[{"embeddable":true,"href":"http:\/\/collegealainfournierbordeaux.fr\/index.php?rest_route=\/wp\/v2\/users\/1"}],"replies":[{"embeddable":true,"href":"http:\/\/collegealainfournierbordeaux.fr\/index.php?rest_route=%2Fwp%2Fv2%2Fcomments&post=260"}],"version-history":[{"count":40,"href":"http:\/\/collegealainfournierbordeaux.fr\/index.php?rest_route=\/wp\/v2\/pages\/260\/revisions"}],"predecessor-version":[{"id":3677,"href":"http:\/\/collegealainfournierbordeaux.fr\/index.php?rest_route=\/wp\/v2\/pages\/260\/revisions\/3677"}],"wp:attachment":[{"href":"http:\/\/collegealainfournierbordeaux.fr\/index.php?rest_route=%2Fwp%2Fv2%2Fmedia&parent=260"}],"curies":[{"name":"wp","href":"https:\/\/api.w.org\/{rel}","templated":true}]}}