{"id":73,"date":"2022-06-17T16:44:39","date_gmt":"2022-06-17T14:44:39","guid":{"rendered":"http:\/\/saqsyxv.cluster030.hosting.ovh.net\/?page_id=73"},"modified":"2022-07-05T16:30:35","modified_gmt":"2022-07-05T14:30:35","slug":"fse","status":"publish","type":"page","link":"http:\/\/collegealainfournierbordeaux.fr\/?page_id=73","title":{"rendered":"Foyer Socio-Educatif"},"content":{"rendered":"\n<p>Le <strong>foyer socio-\u00e9ducatif<\/strong>, conform\u00e9ment \u00e0 ces statuts, intervient dans diff\u00e9rents domaines et \u00e9quipements qui facilitent la vie des \u00e9l\u00e8ves dans l&rsquo;\u00e9tablissement.<br>Il aide les \u00e9l\u00e8ves \u00e0 la r\u00e9alisation de nombreux&nbsp;projets.<br>Les \u00e9l\u00e8ves ont \u00e0&nbsp;leur disposition dans la salle du foyer, des jeux de soci\u00e9t\u00e9 ainsi que des magazines. Des ballons (basket et football) sont disponibles en pr\u00eat au bureau vie scolaire.<br>Diff\u00e9rents ateliers voient le jour en fonction des disponibilit\u00e9s chaque ann\u00e9e.<\/p>\n\n\n\n<p>Le FSE contribue aussi \u00e0 la prise en charge de l&rsquo;organisation du\u00a0cross\u00a0du coll\u00e8ge que g\u00e8rent les professeurs d&rsquo;EPS.<\/p>\n\n\n\n<p>Le FSE&nbsp;&nbsp;favorise \u00e9galement les&nbsp;&nbsp;s\u00e9jours culturels (Espagne,&nbsp;Angleterre,&nbsp;Allemagne,&nbsp;Chine,&nbsp;Etats-Unis) et contribue \u00e0 l&rsquo;ouverture culturelle et linguistique de nos \u00e9l\u00e8ves.<\/p>\n\n\n\n<p>Il est g\u00e9r\u00e9 par un bureau compos\u00e9 d&rsquo;adultes et d&rsquo;\u00e9l\u00e8ves \u00e9lus chaque ann\u00e9e lors de l&rsquo;assembl\u00e9e g\u00e9n\u00e9rale.<\/p>\n\n\n\n<p class=\"has-text-align-center\"><strong>Composition du bureau<\/strong><\/p>\n\n\n\n<p class=\"has-text-align-center\">Pr\u00e9sident : Patrice Pecqueur, documentaliste<\/p>\n\n\n\n<p class=\"has-text-align-center\">Tr\u00e9sori\u00e8re : Pascale Lavigne, professeure<\/p>\n\n\n\n<p class=\"has-text-align-center\">Secr\u00e9taire : Lucie Dulout, professeure<\/p>\n\n\n\n<p class=\"has-text-align-center\"><strong>Vous pouvez t\u00e9l\u00e9charger le bulletin d&rsquo;adh\u00e9sion au FSE et contribuer \u00e0 son financement.<\/strong><\/p>\n\n\n\n<div data-wp-interactive=\"core\/file\" class=\"wp-block-file\"><object data-wp-bind--hidden=\"!state.hasPdfPreview\" hidden class=\"wp-block-file__embed\" data=\"http:\/\/saqsyxv.cluster030.hosting.ovh.net\/wp-content\/uploads\/2022\/07\/Adhesion-FSE.pdf\" type=\"application\/pdf\" style=\"width:100%;height:600px\" aria-label=\"Contenu embarqu\u00e9 Contenu embarqu\u00e9 Adhesion-FSE..\"><\/object><a id=\"wp-block-file--media-d893c323-e784-4a9d-8b09-dccaa5c69806\" href=\"http:\/\/saqsyxv.cluster030.hosting.ovh.net\/wp-content\/uploads\/2022\/07\/Adhesion-FSE.pdf\">Adhesion-FSE<\/a><a href=\"http:\/\/saqsyxv.cluster030.hosting.ovh.net\/wp-content\/uploads\/2022\/07\/Adhesion-FSE.pdf\" class=\"wp-block-file__button\" download aria-describedby=\"wp-block-file--media-d893c323-e784-4a9d-8b09-dccaa5c69806\">T\u00e9l\u00e9charger<\/a><\/div>\n","protected":false},"excerpt":{"rendered":"<p>Le foyer socio-\u00e9ducatif, conform\u00e9ment \u00e0 ces statuts, intervient dans diff\u00e9rents domaines et \u00e9quipements qui facilitent la vie des \u00e9l\u00e8ves dans l&rsquo;\u00e9tablissement.Il aide les \u00e9l\u00e8ves \u00e0 la r\u00e9alisation de nombreux&nbsp;projets.Les \u00e9l\u00e8ves ont \u00e0&nbsp;leur disposition dans la salle du foyer, des jeux&#8230; <a class=\"more-link\" href=\"http:\/\/collegealainfournierbordeaux.fr\/?page_id=73\">Continue Reading &rarr;<\/a><\/p>\n","protected":false},"author":1,"featured_media":0,"parent":0,"menu_order":3,"comment_status":"closed","ping_status":"closed","template":"","meta":{"footnotes":""},"class_list":["post-73","page","type-page","status-publish","hentry"],"_links":{"self":[{"href":"http:\/\/collegealainfournierbordeaux.fr\/index.php?rest_route=\/wp\/v2\/pages\/73","targetHints":{"allow":["GET"]}}],"collection":[{"href":"http:\/\/collegealainfournierbordeaux.fr\/index.php?rest_route=\/wp\/v2\/pages"}],"about":[{"href":"http:\/\/collegealainfournierbordeaux.fr\/index.php?rest_route=\/wp\/v2\/types\/page"}],"author":[{"embeddable":true,"href":"http:\/\/collegealainfournierbordeaux.fr\/index.php?rest_route=\/wp\/v2\/users\/1"}],"replies":[{"embeddable":true,"href":"http:\/\/collegealainfournierbordeaux.fr\/index.php?rest_route=%2Fwp%2Fv2%2Fcomments&post=73"}],"version-history":[{"count":13,"href":"http:\/\/collegealainfournierbordeaux.fr\/index.php?rest_route=\/wp\/v2\/pages\/73\/revisions"}],"predecessor-version":[{"id":406,"href":"http:\/\/collegealainfournierbordeaux.fr\/index.php?rest_route=\/wp\/v2\/pages\/73\/revisions\/406"}],"wp:attachment":[{"href":"http:\/\/collegealainfournierbordeaux.fr\/index.php?rest_route=%2Fwp%2Fv2%2Fmedia&parent=73"}],"curies":[{"name":"wp","href":"https:\/\/api.w.org\/{rel}","templated":true}]}}